{"id":495,"date":"2025-10-08T19:57:34","date_gmt":"2025-10-08T19:57:34","guid":{"rendered":"https:\/\/tehgazgroup.md\/?page_id=495"},"modified":"2025-10-11T19:23:15","modified_gmt":"2025-10-11T19:23:15","slug":"contacte","status":"publish","type":"page","link":"https:\/\/tehgazgroup.md\/ru\/contacte\/","title":{"rendered":"\u041a\u043e\u043d\u0442\u0430\u043a\u0442\u044b"},"content":{"rendered":"<div class=\"wp-block-uagb-container uagb-block-bfba4089 alignfull uagb-is-root-container\">\n<div class=\"wp-block-uagb-container uagb-block-fad7aa67 alignfull uagb-is-root-container\"><div class=\"uagb-container-inner-blocks-wrap\">\n<div class=\"wp-block-uagb-container uagb-block-3d61136d\">\n<div class=\"wp-block-uagb-advanced-heading uagb-block-3b968825\"><h2 class=\"uagb-heading-text\">\u041c\u044b \u0431\u0443\u0434\u0435\u043c \u0432\u0430\u0448\u0438\u043c \u043d\u0430\u0434\u0435\u0436\u043d\u044b\u043c \u043f\u0430\u0440\u0442\u043d\u0435\u0440\u043e\u043c \u0432 \u043f\u043e\u0441\u0442\u0430\u0432\u043a\u0435 \u0433\u0430\u0437\u043e\u0432, \u043d\u0435\u043e\u0431\u0445\u043e\u0434\u0438\u043c\u044b\u0445 \u0434\u043b\u044f \u0443\u0441\u043f\u0435\u0448\u043d\u043e\u0433\u043e \u0432\u0435\u0434\u0435\u043d\u0438\u044f \u0431\u0438\u0437\u043d\u0435\u0441\u0430!<\/h2><\/div>\n\n\n\n<p class=\"has-medium-font-size\" style=\"margin-top:0;margin-bottom:var(--wp--preset--spacing--medium)\">\u041c\u044b \u0432\u0441\u0435\u0433\u0434\u0430 \u043e\u0442\u043a\u0440\u044b\u0442\u044b \u043a \u0441\u043e\u0442\u0440\u0443\u0434\u043d\u0438\u0447\u0435\u0441\u0442\u0432\u0443 \u0438 \u0433\u043e\u0442\u043e\u0432\u044b \u043e\u0442\u0432\u0435\u0442\u0438\u0442\u044c \u043d\u0430 \u0432\u0441\u0435 \u0432\u0430\u0448\u0438 \u0432\u043e\u043f\u0440\u043e\u0441\u044b. \u0421\u0432\u044f\u0437\u0430\u0442\u044c\u0441\u044f \u0441 \u043d\u0430\u043c\u0438 \u0432\u044b \u043c\u043e\u0436\u0435\u0442\u0435 \u043b\u044e\u0431\u044b\u043c \u0443\u0434\u043e\u0431\u043d\u044b\u043c \u0434\u043b\u044f \u0432\u0430\u0441 \u0441\u043f\u043e\u0441\u043e\u0431\u043e\u043c.<\/p>\n\n\n\n<p class=\"has-medium-font-size\" style=\"margin-top:0;margin-bottom:var(--wp--preset--spacing--medium)\">\u0422\u0435\u043b\u0435\u0444\u043e\u043d, \u044d\u043b\u0435\u043a\u0442\u0440\u043e\u043d\u043d\u0430\u044f \u043f\u043e\u0447\u0442\u0430 \u0438 \u043a\u043e\u043d\u0442\u0430\u043a\u0442\u043d\u0430\u044f \u0444\u043e\u0440\u043c\u0430 \u0443\u043a\u0430\u0437\u0430\u043d\u044b \u043d\u0438\u0436\u0435.<\/p>\n\n\n\n<p>\ud83d\udccd&nbsp;<strong>\u0410\u0434\u0440\u0435\u0441:<\/strong><br>MD-2069, \u043c\u0443\u043d. \u041a\u0438\u0448\u0438\u043d\u0451\u0432, \u0443\u043b. \u041c\u0435\u0441\u0430\u0436\u0435\u0440, 8<\/p>\n\n\n\n<p>\ud83d\udcde&nbsp;<strong>\u0422\u0435\u043b\u0435\u0444\u043e\u043d\u044b:<\/strong><br>\u041c\u043e\u0431. \u0442\u0435\u043b. +373 78 89 95 71 \u2014 \u0441\u043a\u043b\u0430\u0434 (\u043f\u0440\u043e\u0434\u0430\u0436\u0438)<br>\u041c\u043e\u0431. \u0442\u0435\u043b. +373 78 89 95 68<br>\u0422\u0435\u043b. 022 59 36 09 \u2014 \u0431\u0443\u0445\u0433\u0430\u043b\u0442\u0435\u0440\u0438\u044f<\/p>\n\n\n\n<p>\ud83d\udce7&nbsp;<strong>\u042d\u043b\u0435\u043a\u0442\u0440\u043e\u043d\u043d\u0430\u044f \u043f\u043e\u0447\u0442\u0430:<\/strong><br><a href=\"mailto:tehgazgrup@gmail.com\">tehgazgrup@gmail.com<\/a><\/p>\n<\/div>\n\n\n\n<div class=\"wp-block-uagb-container uagb-block-505a6ecd\">\n<div class=\"wp-block-uagb-container uagb-block-d0dba4fc\">\n<div class=\"wp-block-uagb-forms uagb-forms__outer-wrap uagb-block-69a7b01a uagb-forms__medium-btn\"><form class=\"uagb-forms-main-form\" method=\"post\" autocomplete=\"on\" name=\"uagb-form-69a7b01a\" action=\"\">\n<div class=\"wp-block-uagb-forms-name uagb-forms-name-wrap uagb-forms-field-set uagb-block-c90431cd\"><div class=\"uagb-forms-name-label required uagb-forms-input-label\" id=\"c90431cd\">First Name<\/div><input type=\"text\" placeholder=\"\u0418\u043c\u044f\" required class=\"uagb-forms-name-input uagb-forms-input\" name=\"c90431cd\" autocomplete=\"given-name\"\/><\/div>\n\n\n\n<div class=\"wp-block-uagb-forms-email uagb-forms-email-wrap uagb-forms-field-set uagb-block-1940f841\"><div class=\"uagb-forms-email-label required uagb-forms-input-label\" id=\"1940f841\">Email<\/div><input type=\"email\" class=\"uagb-forms-email-input uagb-forms-input\" placeholder=\"\u042d\u043b\u0435\u043a\u0442\u0440\u043e\u043d\u043d\u0430\u044f \u043f\u043e\u0447\u0442\u0430\" required name=\"1940f841\" autocomplete=\"email\"\/><\/div>\n\n\n\n<div class=\"wp-block-uagb-forms-name uagb-forms-name-wrap uagb-forms-field-set uagb-block-f1c21da9\"><div class=\"uagb-forms-name-label  uagb-forms-input-label\" id=\"f1c21da9\">Last Name<\/div><input type=\"text\" placeholder=\"\u0424\u0430\u043c\u0438\u043b\u0438\u044f\" class=\"uagb-forms-name-input uagb-forms-input\" name=\"f1c21da9\" autocomplete=\"family-name\"\/><\/div>\n\n\n\n<div class=\"wp-block-uagb-forms-textarea uagb-forms-textarea-wrap uagb-forms-field-set uagb-block-22f1f9db\"><div class=\"uagb-forms-textarea-label required uagb-forms-input-label\" id=\"22f1f9db\">Message<\/div><textarea required class=\"uagb-forms-textarea-input uagb-forms-input\" rows=\"4\" placeholder=\"\u0412\u0430\u0448\u0435 \u0441\u043e\u043e\u0431\u0449\u0435\u043d\u0438\u0435\" name=\"22f1f9db\" autocomplete=\"off\"><\/textarea><\/div>\n<div class=\"uagb-forms-form-hidden-data\"><input type=\"hidden\" class=\"uagb_forms_form_label\" value=\"\"\/><input type=\"hidden\" class=\"uagb_forms_form_id\" value=\"uagb-form-69a7b01a\"\/><\/div><div class=\"uagb-form-reacaptcha-error-69a7b01a\"><\/div><div class=\"uagb-forms-main-submit-button-wrap wp-block-button\"><button class=\"uagb-forms-main-submit-button wp-block-button__link\"><div class=\"uagb-forms-main-submit-button-text\">\u041e\u0442\u043f\u0440\u0430\u0432\u0438\u0442\u044c<\/div><\/button><\/div><input type=\"hidden\" name=\"trp-form-language\" value=\"ru\"\/><\/form><div class=\"uagb-forms-success-message-69a7b01a uagb-forms-submit-message-hide\"><span>\u0424\u043e\u0440\u043c\u0430 \u043e\u0442\u043f\u0440\u0430\u0432\u043b\u0435\u043d\u0430 \u0443\u0441\u043f\u0435\u0448\u043d\u043e!<\/span><\/div><div class=\"uagb-forms-failed-message-69a7b01a uagb-forms-submit-message-hide\"><span>\u041f\u0440\u0438 \u043e\u0442\u043f\u0440\u0430\u0432\u043a\u0435 \u0444\u043e\u0440\u043c\u044b \u043f\u0440\u043e\u0438\u0437\u043e\u0448\u043b\u0430 \u043e\u0448\u0438\u0431\u043a\u0430. \u041f\u043e\u0436\u0430\u043b\u0443\u0439\u0441\u0442\u0430, \u043f\u0440\u043e\u0432\u0435\u0440\u044c\u0442\u0435 \u0432\u0441\u0435 \u043f\u043e\u043b\u044f \u0444\u043e\u0440\u043c\u044b \u0435\u0449\u0435 \u0440\u0430\u0437.<\/span><\/div><\/div>\n<\/div>\n<\/div>\n<\/div><\/div>\n\n\n\n<div class=\"wp-block-uagb-container uagb-block-9cd64d72 alignfull uagb-is-root-container\">\t\t\t<div \n\t\t\tclass=\"wp-block-uagb-google-map uagb-google-map__wrap uagb-block-9109de90\"\n\t\t\tstyle=\"\" >\n\t\t\t\t<embed\n\t\t\t\t\tclass=\"uagb-google-map__iframe\"\n\t\t\t\t\ttitle=\"\u041a\u0430\u0440\u0442\u0430 Google \u0434\u043b\u044f \"\n\t\t\t\t\tsrc=\"https:\/\/maps.google.com\/maps?q=TehGaz%20Grup%20SRL%20Chi%C8%99in%C4%83u%20Strada%20Mesager%208%2C%20Chi%C8%99in%C4%83u%2C%20Republik%20Moldau&#038;z=15&#038;hl=en&#038;t=m&#038;output=embed&#038;iwloc=near\"\n\t\t\t\t\twidth=\"640\"\n\t\t\t\t\theight=\"300\"\n\t\t\t\t\tloading=\"lazy\"\n\t\t\t\t><\/embed>\n\t\t\t<\/div>\n\t\t\t<\/div>\n<\/div>\n\n\n\n<div style=\"height:40px\" aria-hidden=\"true\" class=\"wp-block-spacer\"><\/div>","protected":false},"excerpt":{"rendered":"<p>Noi vom fi partenerul Dumneavoastr\u0103 de \u00eencredere \u00een furnizarea gazelor necesare pentru o afacere prosper\u0103! Suntem \u00eentotdeauna deschi\u0219i pentru colaborare \u0219i preg\u0103ti\u021bi s\u0103 r\u0103spundem tuturor \u00eentreb\u0103rilor Dumneavoastr\u0103. Ne pute\u021bi contacta \u00een modul care v\u0103 este cel mai convenabil. Telefon, e-mail \u0219i formularul de contact sunt ata\u0219ate. \ud83d\udccd&nbsp;Adres\u0103:MD-2069 mun. Chisinau, str. Mesager 8 \ud83d\udcde&nbsp;Telefoane:Tel. mob.&nbsp;+373 78 [&hellip;]<\/p>","protected":false},"author":1,"featured_media":0,"parent":0,"menu_order":0,"comment_status":"closed","ping_status":"closed","template":"page-no-gap","meta":{"_uag_custom_page_level_css":"","footnotes":""},"class_list":["post-495","page","type-page","status-publish","hentry"],"yoast_head":"<!-- This site is optimized with the Yoast SEO plugin v26.1 - https:\/\/yoast.com\/wordpress\/plugins\/seo\/ -->\n<title>Contacte - TehGaz Grup<\/title>\n<meta name=\"robots\" content=\"index, follow, max-snippet:-1, max-image-preview:large, max-video-preview:-1\" \/>\n<link rel=\"canonical\" href=\"https:\/\/tehgazgroup.md\/ru\/contacte\/\" \/>\n<meta property=\"og:locale\" content=\"ru_RU\" \/>\n<meta property=\"og:type\" content=\"article\" \/>\n<meta property=\"og:title\" content=\"Contacte - TehGaz Grup\" \/>\n<meta property=\"og:description\" content=\"Noi vom fi partenerul Dumneavoastr\u0103 de \u00eencredere \u00een furnizarea gazelor necesare pentru o afacere prosper\u0103! Suntem \u00eentotdeauna deschi\u0219i pentru colaborare \u0219i preg\u0103ti\u021bi s\u0103 r\u0103spundem tuturor \u00eentreb\u0103rilor Dumneavoastr\u0103. Ne pute\u021bi contacta \u00een modul care v\u0103 este cel mai convenabil. Telefon, e-mail \u0219i formularul de contact sunt ata\u0219ate. \ud83d\udccd&nbsp;Adres\u0103:MD-2069 mun. Chisinau, str. Mesager 8 \ud83d\udcde&nbsp;Telefoane:Tel. mob.&nbsp;+373 78 [&hellip;]\" \/>\n<meta property=\"og:url\" content=\"https:\/\/tehgazgroup.md\/ru\/contacte\/\" \/>\n<meta property=\"og:site_name\" content=\"TehGaz Grup\" \/>\n<meta property=\"article:modified_time\" content=\"2025-10-11T19:23:15+00:00\" \/>\n<meta name=\"twitter:card\" content=\"summary_large_image\" \/>\n<meta name=\"twitter:label1\" content=\"\u041f\u0440\u0438\u043c\u0435\u0440\u043d\u043e\u0435 \u0432\u0440\u0435\u043c\u044f \u0434\u043b\u044f \u0447\u0442\u0435\u043d\u0438\u044f\" \/>\n\t<meta name=\"twitter:data1\" content=\"1 \u043c\u0438\u043d\u0443\u0442\u0430\" \/>\n<script type=\"application\/ld+json\" class=\"yoast-schema-graph\">{\"@context\":\"https:\/\/schema.org\",\"@graph\":[{\"@type\":\"WebPage\",\"@id\":\"https:\/\/tehgazgroup.md\/contacte\/\",\"url\":\"https:\/\/tehgazgroup.md\/contacte\/\",\"name\":\"Contacte - TehGaz Grup\",\"isPartOf\":{\"@id\":\"https:\/\/tehgazgroup.md\/#website\"},\"datePublished\":\"2025-10-08T19:57:34+00:00\",\"dateModified\":\"2025-10-11T19:23:15+00:00\",\"breadcrumb\":{\"@id\":\"https:\/\/tehgazgroup.md\/contacte\/#breadcrumb\"},\"inLanguage\":\"ru-RU\",\"potentialAction\":[{\"@type\":\"ReadAction\",\"target\":[\"https:\/\/tehgazgroup.md\/contacte\/\"]}]},{\"@type\":\"BreadcrumbList\",\"@id\":\"https:\/\/tehgazgroup.md\/contacte\/#breadcrumb\",\"itemListElement\":[{\"@type\":\"ListItem\",\"position\":1,\"name\":\"\u0413\u043b\u0430\u0432\u043d\u0430\u044f \u0441\u0442\u0440\u0430\u043d\u0438\u0446\u0430\",\"item\":\"https:\/\/tehgazgroup.md\/\"},{\"@type\":\"ListItem\",\"position\":2,\"name\":\"Contacte\"}]},{\"@type\":\"WebSite\",\"@id\":\"https:\/\/tehgazgroup.md\/#website\",\"url\":\"https:\/\/tehgazgroup.md\/\",\"name\":\"TehGaz Grup\",\"description\":\"\",\"publisher\":{\"@id\":\"https:\/\/tehgazgroup.md\/#organization\"},\"potentialAction\":[{\"@type\":\"SearchAction\",\"target\":{\"@type\":\"EntryPoint\",\"urlTemplate\":\"https:\/\/tehgazgroup.md\/?s={search_term_string}\"},\"query-input\":{\"@type\":\"PropertyValueSpecification\",\"valueRequired\":true,\"valueName\":\"search_term_string\"}}],\"inLanguage\":\"ru-RU\"},{\"@type\":\"Organization\",\"@id\":\"https:\/\/tehgazgroup.md\/#organization\",\"name\":\"TehGaz Grup\",\"url\":\"https:\/\/tehgazgroup.md\/\",\"logo\":{\"@type\":\"ImageObject\",\"inLanguage\":\"ru-RU\",\"@id\":\"https:\/\/tehgazgroup.md\/#\/schema\/logo\/image\/\",\"url\":\"https:\/\/tehgazgroup.md\/wp-content\/uploads\/2025\/10\/Tehgaz-Logo.png\",\"contentUrl\":\"https:\/\/tehgazgroup.md\/wp-content\/uploads\/2025\/10\/Tehgaz-Logo.png\",\"width\":753,\"height\":318,\"caption\":\"TehGaz Grup\"},\"image\":{\"@id\":\"https:\/\/tehgazgroup.md\/#\/schema\/logo\/image\/\"}}]}<\/script>\n<!-- \/ Yoast SEO plugin. -->","yoast_head_json":{"title":"Contacte - TehGaz Grup","robots":{"index":"index","follow":"follow","max-snippet":"max-snippet:-1","max-image-preview":"max-image-preview:large","max-video-preview":"max-video-preview:-1"},"canonical":"https:\/\/tehgazgroup.md\/ru\/contacte\/","og_locale":"ru_RU","og_type":"article","og_title":"Contacte - TehGaz Grup","og_description":"Noi vom fi partenerul Dumneavoastr\u0103 de \u00eencredere \u00een furnizarea gazelor necesare pentru o afacere prosper\u0103! Suntem \u00eentotdeauna deschi\u0219i pentru colaborare \u0219i preg\u0103ti\u021bi s\u0103 r\u0103spundem tuturor \u00eentreb\u0103rilor Dumneavoastr\u0103. Ne pute\u021bi contacta \u00een modul care v\u0103 este cel mai convenabil. Telefon, e-mail \u0219i formularul de contact sunt ata\u0219ate. \ud83d\udccd&nbsp;Adres\u0103:MD-2069 mun. Chisinau, str. Mesager 8 \ud83d\udcde&nbsp;Telefoane:Tel. mob.&nbsp;+373 78 [&hellip;]","og_url":"https:\/\/tehgazgroup.md\/ru\/contacte\/","og_site_name":"TehGaz Grup","article_modified_time":"2025-10-11T19:23:15+00:00","twitter_card":"summary_large_image","twitter_misc":{"\u041f\u0440\u0438\u043c\u0435\u0440\u043d\u043e\u0435 \u0432\u0440\u0435\u043c\u044f \u0434\u043b\u044f \u0447\u0442\u0435\u043d\u0438\u044f":"1 \u043c\u0438\u043d\u0443\u0442\u0430"},"schema":{"@context":"https:\/\/schema.org","@graph":[{"@type":"WebPage","@id":"https:\/\/tehgazgroup.md\/contacte\/","url":"https:\/\/tehgazgroup.md\/contacte\/","name":"Contacte - TehGaz Grup","isPartOf":{"@id":"https:\/\/tehgazgroup.md\/#website"},"datePublished":"2025-10-08T19:57:34+00:00","dateModified":"2025-10-11T19:23:15+00:00","breadcrumb":{"@id":"https:\/\/tehgazgroup.md\/contacte\/#breadcrumb"},"inLanguage":"ru-RU","potentialAction":[{"@type":"ReadAction","target":["https:\/\/tehgazgroup.md\/contacte\/"]}]},{"@type":"BreadcrumbList","@id":"https:\/\/tehgazgroup.md\/contacte\/#breadcrumb","itemListElement":[{"@type":"ListItem","position":1,"name":"\u0413\u043b\u0430\u0432\u043d\u0430\u044f \u0441\u0442\u0440\u0430\u043d\u0438\u0446\u0430","item":"https:\/\/tehgazgroup.md\/"},{"@type":"ListItem","position":2,"name":"Contacte"}]},{"@type":"WebSite","@id":"https:\/\/tehgazgroup.md\/#website","url":"https:\/\/tehgazgroup.md\/","name":"TehGaz Grup","description":"","publisher":{"@id":"https:\/\/tehgazgroup.md\/#organization"},"potentialAction":[{"@type":"SearchAction","target":{"@type":"EntryPoint","urlTemplate":"https:\/\/tehgazgroup.md\/?s={search_term_string}"},"query-input":{"@type":"PropertyValueSpecification","valueRequired":true,"valueName":"search_term_string"}}],"inLanguage":"ru-RU"},{"@type":"Organization","@id":"https:\/\/tehgazgroup.md\/#organization","name":"TehGaz Grup","url":"https:\/\/tehgazgroup.md\/","logo":{"@type":"ImageObject","inLanguage":"ru-RU","@id":"https:\/\/tehgazgroup.md\/#\/schema\/logo\/image\/","url":"https:\/\/tehgazgroup.md\/wp-content\/uploads\/2025\/10\/Tehgaz-Logo.png","contentUrl":"https:\/\/tehgazgroup.md\/wp-content\/uploads\/2025\/10\/Tehgaz-Logo.png","width":753,"height":318,"caption":"TehGaz Grup"},"image":{"@id":"https:\/\/tehgazgroup.md\/#\/schema\/logo\/image\/"}}]}},"uagb_featured_image_src":{"full":false,"thumbnail":false,"medium":false,"medium_large":false,"large":false,"1536x1536":false,"2048x2048":false,"trp-custom-language-flag":false},"uagb_author_info":{"display_name":"admin","author_link":"https:\/\/tehgazgroup.md\/ru\/author\/admin_lzwgp1jl\/"},"uagb_comment_info":0,"uagb_excerpt":"Noi vom fi partenerul Dumneavoastr\u0103 de \u00eencredere \u00een furnizarea gazelor necesare pentru o afacere prosper\u0103! Suntem \u00eentotdeauna deschi\u0219i pentru colaborare \u0219i preg\u0103ti\u021bi s\u0103 r\u0103spundem tuturor \u00eentreb\u0103rilor Dumneavoastr\u0103. Ne pute\u021bi contacta \u00een modul care v\u0103 este cel mai convenabil. Telefon, e-mail \u0219i formularul de contact sunt ata\u0219ate. \ud83d\udccd&nbsp;Adres\u0103:MD-2069 mun. Chisinau, str. Mesager 8 \ud83d\udcde&nbsp;Telefoane:Tel. mob.&nbsp;+373 78&hellip;","_links":{"self":[{"href":"https:\/\/tehgazgroup.md\/ru\/wp-json\/wp\/v2\/pages\/495","targetHints":{"allow":["GET"]}}],"collection":[{"href":"https:\/\/tehgazgroup.md\/ru\/wp-json\/wp\/v2\/pages"}],"about":[{"href":"https:\/\/tehgazgroup.md\/ru\/wp-json\/wp\/v2\/types\/page"}],"author":[{"embeddable":true,"href":"https:\/\/tehgazgroup.md\/ru\/wp-json\/wp\/v2\/users\/1"}],"replies":[{"embeddable":true,"href":"https:\/\/tehgazgroup.md\/ru\/wp-json\/wp\/v2\/comments?post=495"}],"version-history":[{"count":13,"href":"https:\/\/tehgazgroup.md\/ru\/wp-json\/wp\/v2\/pages\/495\/revisions"}],"predecessor-version":[{"id":680,"href":"https:\/\/tehgazgroup.md\/ru\/wp-json\/wp\/v2\/pages\/495\/revisions\/680"}],"wp:attachment":[{"href":"https:\/\/tehgazgroup.md\/ru\/wp-json\/wp\/v2\/media?parent=495"}],"curies":[{"name":"wp","href":"https:\/\/api.w.org\/{rel}","templated":true}]}}